{"id":87608,"date":"2025-04-21T07:01:36","date_gmt":"2025-04-21T05:01:36","guid":{"rendered":"https:\/\/onstage.com.sv\/?page_id=87608"},"modified":"2025-04-21T07:01:36","modified_gmt":"2025-04-21T05:01:36","slug":"bolero-de-ravel","status":"publish","type":"page","link":"https:\/\/onstage.com.sv\/index.php\/bolero-de-ravel\/","title":{"rendered":"Bolero de Ravel"},"content":{"rendered":"<div class=\"frm_forms  with_frm_style frm_style_estilos-formidable\" id=\"frm_form_5_container\" >\n<form enctype=\"multipart\/form-data\" method=\"post\" class=\"frm-show-form  frm_pro_form \" id=\"form_fichaaudicionesbolero\" >\n<div class=\"frm_form_fields \">\n<fieldset>\n<legend class=\"frm_screen_reader\">Ficha audiciones bolero<\/legend>\r\n\r\n<div class=\"frm_fields_container\">\n<input type=\"hidden\" name=\"frm_action\" value=\"create\" \/>\n<input type=\"hidden\" name=\"form_id\" value=\"5\" \/>\n<input type=\"hidden\" name=\"frm_hide_fields_5\" id=\"frm_hide_fields_5\" value=\"\" \/>\n<input type=\"hidden\" name=\"form_key\" value=\"fichaaudicionesbolero\" \/>\n<input type=\"hidden\" name=\"item_meta[0]\" value=\"\" \/>\n<input type=\"hidden\" id=\"frm_submit_entry_5\" name=\"frm_submit_entry_5\" value=\"6380e29f39\" \/><input type=\"hidden\" name=\"_wp_http_referer\" value=\"\/index.php\/wp-json\/wp\/v2\/pages\/87608\" \/><div id=\"frm_field_46_container\" class=\"frm_form_field form-field  frm_required_field frm_top_container\">\r\n    <label for=\"field_vaqk3\" id=\"field_vaqk3_label\" class=\"frm_primary_label\">Nombre completo\r\n        <span class=\"frm_required\" aria-hidden=\"true\">*<\/span>\r\n    <\/label>\r\n    <input  type=\"text\" id=\"field_vaqk3\" name=\"item_meta[46]\" value=\"\"  data-reqmsg=\"Este campo no puede estar en blanco.\" aria-required=\"true\" data-invmsg=\"Texto no es v\u00e1lido\" aria-invalid=\"false\"   \/>\r\n    \r\n    \r\n<\/div>\n<div id=\"frm_field_47_container\" class=\"frm_form_field form-field  frm_required_field frm_top_container\">\r\n    <label for=\"field_gih7i3\" id=\"field_gih7i3_label\" class=\"frm_primary_label\">Edad\r\n        <span class=\"frm_required\" aria-hidden=\"true\">*<\/span>\r\n    <\/label>\r\n    <input  type=\"text\" id=\"field_gih7i3\" name=\"item_meta[47]\" value=\"\"  data-reqmsg=\"Este campo no puede estar en blanco.\" aria-required=\"true\" data-invmsg=\"Texto no es v\u00e1lido\" aria-invalid=\"false\"   \/>\r\n    \r\n    \r\n<\/div>\n<div id=\"frm_field_48_container\" class=\"frm_form_field form-field  frm_required_field frm_top_container\">\r\n    <label for=\"field_cweq3\" id=\"field_cweq3_label\" class=\"frm_primary_label\">Correo electr\u00f3nico\r\n        <span class=\"frm_required\" aria-hidden=\"true\">*<\/span>\r\n    <\/label>\r\n    <input type=\"email\" id=\"field_cweq3\" name=\"item_meta[48]\" value=\"\"  data-reqmsg=\"Este campo no puede estar en blanco.\" aria-required=\"true\" data-invmsg=\"Correo electr\u00f3nico no es v\u00e1lido\" aria-invalid=\"false\"  \/>\r\n    \r\n    \r\n<\/div>\n<div id=\"frm_field_49_container\" class=\"frm_form_field form-field  frm_required_field frm_top_container\">\r\n    <label for=\"field_g6fy03\" id=\"field_g6fy03_label\" class=\"frm_primary_label\">Tel\u00e9fono\r\n        <span class=\"frm_required\" aria-hidden=\"true\">*<\/span>\r\n    <\/label>\r\n    <input  type=\"text\" id=\"field_g6fy03\" name=\"item_meta[49]\" value=\"\"  data-reqmsg=\"Este campo no puede estar en blanco.\" aria-required=\"true\" data-invmsg=\"Texto no es v\u00e1lido\" aria-invalid=\"false\"   \/>\r\n    \r\n    \r\n<\/div>\n<div id=\"frm_field_50_container\" class=\"frm_form_field form-field  frm_required_field frm_top_container\">\r\n    <label for=\"field_igeen2\" id=\"field_igeen2_label\" class=\"frm_primary_label\">Marca tu nivel de baile (1 bajo &#8211; 10 alto)\r\n        <span class=\"frm_required\" aria-hidden=\"true\">*<\/span>\r\n    <\/label>\r\n    \t\t<select name=\"item_meta[50]\" id=\"field_igeen2\"  data-reqmsg=\"Este campo no puede estar en blanco.\" aria-required=\"true\" data-invmsg=\"Marca tu nivel de baile (1 bajo - 10 alto) is invalid\" aria-invalid=\"false\"  >\n\t\t<option  value=\"Nivel 1\">Nivel 1<\/option><option  value=\"Nivel 2\">Nivel 2<\/option><option  value=\"Nivel 3\">Nivel 3<\/option><option  value=\"Nivel 4\">Nivel 4<\/option><option  value=\"Nivel 5\">Nivel 5<\/option><option  value=\"Nivel 6\">Nivel 6<\/option><option  value=\"Nivel 7\">Nivel 7<\/option><option  value=\"Nivel 8\">Nivel 8<\/option><option  value=\"Nivel 9\">Nivel 9<\/option><option  value=\"Nivel 10\">Nivel 10<\/option>\t<\/select>\n\t\r\n    \r\n    \r\n<\/div>\n<div id=\"frm_field_54_container\" class=\"frm_form_field form-field  frm_required_field frm_top_container\">\r\n    <label for=\"field_3njuq3\" id=\"field_3njuq3_label\" class=\"frm_primary_label\">Ingresa tu CV art\u00edstico en formato PDF\r\n        <span class=\"frm_required\" aria-hidden=\"true\">*<\/span>\r\n    <\/label>\r\n    <input type=\"hidden\"  data-reqmsg=\"Este campo no puede estar en blanco.\" data-invmsg=\"Subida de archivo no es v\u00e1lido\" class=\"auto_width\" aria-invalid=\"false\"   name=\"item_meta[54]\"  data-reqmsg=\"Este campo no puede estar en blanco.\"  value=\"\" data-frmfile=\"54\" \/>\n\n<div class=\"frm_dropzone frm_single_upload frm_clearfix\" id=\"file54_dropzone\" role=\"group\" >\n\t<div class=\"fallback\">\n\t\t<input type=\"file\" name=\"file54\" id=\"field_3njuq3\"\n\t\t\t data-reqmsg=\"Este campo no puede estar en blanco.\" data-invmsg=\"Subida de archivo no es v\u00e1lido\" class=\"auto_width\" aria-invalid=\"false\"  \t\t\t\/>\n\t\t\t\t<div class=\"frm_clearfix \"><\/div>\n\t<\/div>\n\t<div class=\"dz-message needsclick\">\n\t\t\t\t<svg  viewBox=\"0 0 18 18\" class=\"frmsvg frm-svg-icon\">\n\t<path viewBox=\"0 0 18 18\" fill-rule=\"evenodd\" clip-rule=\"evenodd\" d=\"M8.2 4v8a.8.8 0 001.5 0V4l2.1 2.2A.7.7 0 1013 5L9.5 1.7a.7.7 0 00-1.1 0L5.1 5.2a.8.8 0 001 1l2.1-2zm7.6 4.3c.4 0 .7.3.7.7v6.8c0 .4-.3.7-.8.7H2.3a.8.8 0 01-.8-.8V9A.8.8 0 013 9v6h12V9c0-.4.3-.8.8-.8z\"><\/path>\n<\/svg>\t\t<span class=\"frm_upload_text\"><button type=\"button\" aria-label=\"Ingresa tu CV art\u00edstico en formato PDF. Arrastra un archivo aqu\u00ed o haz clic para cargar. Maximum file size: 10MB\">Arrastra un archivo aqu\u00ed o haz clic para cargar<\/button><\/span>\n\t\t<span class=\"frm_compact_text\"><button type=\"button\" aria-label=\"Ingresa tu CV art\u00edstico en formato PDF. Seleccionar Archivo. Maximum file size: 10MB\">Seleccionar Archivo<\/button><\/span>\n\t\t<div class=\"frm_small_text\">\n\t\t\t<p>Maximum file size: 10MB<\/p>\n\t\t<\/div>\n\t<\/div>\n<\/div>\n\t\r\n    \r\n    \r\n<\/div>\n<div id=\"frm_field_55_container\" class=\"frm_form_field form-field  frm_required_field frm_top_container\">\r\n    <label for=\"field_ko5qz3\" id=\"field_ko5qz3_label\" class=\"frm_primary_label\">Adjunta tu fotograf\u00eda de cara\r\n        <span class=\"frm_required\" aria-hidden=\"true\">*<\/span>\r\n    <\/label>\r\n    <input type=\"hidden\"  data-reqmsg=\"Este campo no puede estar en blanco.\" data-invmsg=\"Subida de archivo no es v\u00e1lido\" class=\"auto_width\" aria-invalid=\"false\"   name=\"item_meta[55]\"  data-reqmsg=\"Este campo no puede estar en blanco.\"  value=\"\" data-frmfile=\"55\" \/>\n\n<div class=\"frm_dropzone frm_single_upload frm_clearfix\" id=\"file55_dropzone\" role=\"group\" >\n\t<div class=\"fallback\">\n\t\t<input type=\"file\" name=\"file55\" id=\"field_ko5qz3\"\n\t\t\t data-reqmsg=\"Este campo no puede estar en blanco.\" data-invmsg=\"Subida de archivo no es v\u00e1lido\" class=\"auto_width\" aria-invalid=\"false\"  \t\t\t\/>\n\t\t\t\t<div class=\"frm_clearfix \"><\/div>\n\t<\/div>\n\t<div class=\"dz-message needsclick\">\n\t\t\t\t<svg  viewBox=\"0 0 18 18\" class=\"frmsvg frm-svg-icon\">\n\t<path viewBox=\"0 0 18 18\" fill-rule=\"evenodd\" clip-rule=\"evenodd\" d=\"M8.2 4v8a.8.8 0 001.5 0V4l2.1 2.2A.7.7 0 1013 5L9.5 1.7a.7.7 0 00-1.1 0L5.1 5.2a.8.8 0 001 1l2.1-2zm7.6 4.3c.4 0 .7.3.7.7v6.8c0 .4-.3.7-.8.7H2.3a.8.8 0 01-.8-.8V9A.8.8 0 013 9v6h12V9c0-.4.3-.8.8-.8z\"><\/path>\n<\/svg>\t\t<span class=\"frm_upload_text\"><button type=\"button\" aria-label=\"Adjunta tu fotograf\u00eda de cara. Arrastra un archivo aqu\u00ed o haz clic para cargar. Maximum file size: 10MB\">Arrastra un archivo aqu\u00ed o haz clic para cargar<\/button><\/span>\n\t\t<span class=\"frm_compact_text\"><button type=\"button\" aria-label=\"Adjunta tu fotograf\u00eda de cara. Seleccionar foto. Maximum file size: 10MB\">Seleccionar foto<\/button><\/span>\n\t\t<div class=\"frm_small_text\">\n\t\t\t<p>Maximum file size: 10MB<\/p>\n\t\t<\/div>\n\t<\/div>\n<\/div>\n\t\r\n    \r\n    \r\n<\/div>\n<div id=\"frm_field_56_container\" class=\"frm_form_field form-field  frm_top_container\">\r\n    <label for=\"field_vr6zk3\" id=\"field_vr6zk3_label\" class=\"frm_primary_label\">\r\n        <span class=\"frm_required\" aria-hidden=\"true\"><\/span>\r\n    <\/label>\r\n    <textarea name=\"item_meta[56]\" id=\"field_vr6zk3\" rows=\"5\"  readonly=\"readonly\"  data-frmval=\"Al continuar y enviar este formulario, entiendo y acepto que On Stage podr\u00e1 realizar grabaciones de mis audiciones, tomar fotograf\u00edas y utilizar las mismas para los fines que considere necesarios para sus intereses. Autorizo el uso de mi nombre e imagen en las mismas y sus publicaci\u00f3n por lo que no recibir\u00e9 compensaci\u00f3n alguna.\" data-invmsg=\"P\u00e1rrafo no es v\u00e1lido\" aria-invalid=\"false\"  >Al continuar y enviar este formulario, entiendo y acepto que On Stage podr\u00e1 realizar grabaciones de mis audiciones, tomar fotograf\u00edas y utilizar las mismas para los fines que considere necesarios para sus intereses. Autorizo el uso de mi nombre e imagen en las mismas y sus publicaci\u00f3n por lo que no recibir\u00e9 compensaci\u00f3n alguna.<\/textarea>\r\n    \r\n    \r\n<\/div>\n<div id=\"frm_field_57_container\" class=\"frm_form_field form-field \">\r\n\t<div class=\"frm_submit\">\r\n\r\n<button class=\"frm_button_submit frm_final_submit\" type=\"submit\"   formnovalidate=\"formnovalidate\">Enviar<\/button>\r\n\r\n\r\n<\/div>\r\n<\/div>\n\t<input type=\"hidden\" name=\"item_key\" value=\"\" \/>\n\t\t\t<div id=\"frm_field_103_container\">\n\t\t\t<label for=\"field_vcpel\" >\n\t\t\t\tIf you are human, leave this field blank.\t\t\t<\/label>\n\t\t\t<input  id=\"field_vcpel\" type=\"text\" class=\"frm_form_field form-field frm_verify\" name=\"item_meta[103]\" value=\"\"  \/>\n\t\t<\/div>\n\t\t<input name=\"frm_state\" type=\"hidden\" value=\"iTOVSctOsRVEpoYCzOKSj6ynO85rvUgVObu8nJb1eP7bEqwi2ECFzZfv3p1lNWIO\" \/><\/div>\n<\/fieldset>\n<\/div>\n\n<\/form>\n<\/div>\n","protected":false},"excerpt":{"rendered":"<p>Ficha audiciones bolero Nombre completo * Edad * Correo electr\u00f3nico * Tel\u00e9fono * Marca tu nivel de baile (1 bajo &#8211; 10 alto) * Nivel 1Nivel 2Nivel 3Nivel 4Nivel 5Nivel 6Nivel 7Nivel 8Nivel 9Nivel 10 Ingresa tu CV art\u00edstico en formato PDF * Arrastra un archivo aqu\u00ed o haz clic para cargar Seleccionar Archivo Maximum&hellip;<\/p>\n","protected":false},"author":1,"featured_media":0,"parent":0,"menu_order":0,"comment_status":"closed","ping_status":"closed","template":"","meta":{"footnotes":""},"class_list":["post-87608","page","type-page","status-publish","hentry","description-off"],"_links":{"self":[{"href":"https:\/\/onstage.com.sv\/index.php\/wp-json\/wp\/v2\/pages\/87608","targetHints":{"allow":["GET"]}}],"collection":[{"href":"https:\/\/onstage.com.sv\/index.php\/wp-json\/wp\/v2\/pages"}],"about":[{"href":"https:\/\/onstage.com.sv\/index.php\/wp-json\/wp\/v2\/types\/page"}],"author":[{"embeddable":true,"href":"https:\/\/onstage.com.sv\/index.php\/wp-json\/wp\/v2\/users\/1"}],"replies":[{"embeddable":true,"href":"https:\/\/onstage.com.sv\/index.php\/wp-json\/wp\/v2\/comments?post=87608"}],"version-history":[{"count":1,"href":"https:\/\/onstage.com.sv\/index.php\/wp-json\/wp\/v2\/pages\/87608\/revisions"}],"predecessor-version":[{"id":87609,"href":"https:\/\/onstage.com.sv\/index.php\/wp-json\/wp\/v2\/pages\/87608\/revisions\/87609"}],"wp:attachment":[{"href":"https:\/\/onstage.com.sv\/index.php\/wp-json\/wp\/v2\/media?parent=87608"}],"curies":[{"name":"wp","href":"https:\/\/api.w.org\/{rel}","templated":true}]}}