{"id":87757,"date":"2025-08-01T20:00:57","date_gmt":"2025-08-01T18:00:57","guid":{"rendered":"https:\/\/onstage.com.sv\/?page_id=87757"},"modified":"2025-11-24T23:05:23","modified_gmt":"2025-11-24T22:05:23","slug":"wwry","status":"publish","type":"page","link":"https:\/\/onstage.com.sv\/index.php\/wwry\/","title":{"rendered":"Audiciones M\u00fasicos We Will Rock You"},"content":{"rendered":"\t\t<div data-elementor-type=\"wp-page\" data-elementor-id=\"87757\" class=\"elementor elementor-87757\" data-elementor-post-type=\"page\">\n\t\t\t\t\t\t<section class=\"elementor-section elementor-top-section elementor-element elementor-element-43ac743c elementor-section-boxed elementor-section-height-default elementor-section-height-default\" data-id=\"43ac743c\" data-element_type=\"section\" data-e-type=\"section\">\n\t\t\t\t\t\t<div class=\"elementor-container elementor-column-gap-default\">\n\t\t\t\t\t<div class=\"elementor-column elementor-col-100 elementor-top-column elementor-element elementor-element-6655db0c\" data-id=\"6655db0c\" data-element_type=\"column\" data-e-type=\"column\">\n\t\t\t<div class=\"elementor-widget-wrap elementor-element-populated\">\n\t\t\t\t\t\t<div class=\"elementor-element elementor-element-bfb6c7b elementor-widget elementor-widget-formidable\" data-id=\"bfb6c7b\" data-element_type=\"widget\" data-e-type=\"widget\" data-widget_type=\"formidable.default\">\n\t\t\t\t<div class=\"elementor-widget-container\">\n\t\t\t\t\t<div class=\"frm_forms  with_frm_style frm_style_estilos-formidable\" id=\"frm_form_8_container\" data-token=\"5b46b471df71eec9ee4264d7dd92674b\">\n<form enctype=\"multipart\/form-data\" method=\"post\" class=\"frm-show-form  frm_pro_form \" id=\"form_audicionesmusicoswwry\" data-token=\"5b46b471df71eec9ee4264d7dd92674b\">\n<div class=\"frm_form_fields \">\n<fieldset>\n<legend class=\"frm_screen_reader\">Audiciones m\u00fasicos We Will Rock You<\/legend>\r\n\r\n<div class=\"frm_fields_container\">\n<input type=\"hidden\" name=\"frm_action\" value=\"create\" \/>\n<input type=\"hidden\" name=\"form_id\" value=\"8\" \/>\n<input type=\"hidden\" name=\"frm_hide_fields_8\" id=\"frm_hide_fields_8\" value=\"\" \/>\n<input type=\"hidden\" name=\"form_key\" value=\"audicionesmusicoswwry\" \/>\n<input type=\"hidden\" name=\"item_meta[0]\" value=\"\" \/>\n<input type=\"hidden\" id=\"frm_submit_entry_8\" name=\"frm_submit_entry_8\" value=\"6380e29f39\" \/><input type=\"hidden\" name=\"_wp_http_referer\" value=\"\/index.php\/wp-json\/wp\/v2\/pages\/87757\" \/><div id=\"frm_field_79_container\" class=\"frm_form_field form-field  frm_required_field frm_top_container\">\r\n    <label for=\"field_vaqk42\" id=\"field_vaqk42_label\" class=\"frm_primary_label\">Nombre completo\r\n        <span class=\"frm_required\" aria-hidden=\"true\">*<\/span>\r\n    <\/label>\r\n    <input  type=\"text\" id=\"field_vaqk42\" name=\"item_meta[79]\" value=\"\"  data-reqmsg=\"Este campo no puede estar en blanco.\" aria-required=\"true\" data-invmsg=\"Texto no es v\u00e1lido\" aria-invalid=\"false\"   \/>\r\n    \r\n    \r\n<\/div>\n<div id=\"frm_field_80_container\" class=\"frm_form_field form-field  frm_required_field frm_top_container\">\r\n    <label for=\"field_gih7i42\" id=\"field_gih7i42_label\" class=\"frm_primary_label\">Edad\r\n        <span class=\"frm_required\" aria-hidden=\"true\">*<\/span>\r\n    <\/label>\r\n    <input  type=\"text\" id=\"field_gih7i42\" name=\"item_meta[80]\" value=\"\"  data-reqmsg=\"Este campo no puede estar en blanco.\" aria-required=\"true\" data-invmsg=\"Texto no es v\u00e1lido\" aria-invalid=\"false\"   \/>\r\n    \r\n    \r\n<\/div>\n<div id=\"frm_field_81_container\" class=\"frm_form_field form-field  frm_required_field frm_top_container\">\r\n    <label for=\"field_cweq42\" id=\"field_cweq42_label\" class=\"frm_primary_label\">Correo electr\u00f3nico\r\n        <span class=\"frm_required\" aria-hidden=\"true\">*<\/span>\r\n    <\/label>\r\n    <input type=\"email\" id=\"field_cweq42\" name=\"item_meta[81]\" value=\"\"  data-reqmsg=\"Este campo no puede estar en blanco.\" aria-required=\"true\" data-invmsg=\"Correo electr\u00f3nico no es v\u00e1lido\" aria-invalid=\"false\"  \/>\r\n    \r\n    \r\n<\/div>\n<div id=\"frm_field_82_container\" class=\"frm_form_field form-field  frm_required_field frm_top_container\">\r\n    <label for=\"field_g6fy042\" id=\"field_g6fy042_label\" class=\"frm_primary_label\">Tel\u00e9fono\r\n        <span class=\"frm_required\" aria-hidden=\"true\">*<\/span>\r\n    <\/label>\r\n    <input  type=\"text\" id=\"field_g6fy042\" name=\"item_meta[82]\" value=\"\"  data-reqmsg=\"Este campo no puede estar en blanco.\" aria-required=\"true\" data-invmsg=\"Texto no es v\u00e1lido\" aria-invalid=\"false\"   \/>\r\n    \r\n    \r\n<\/div>\n<div id=\"frm_field_83_container\" class=\"frm_form_field form-field  frm_required_field frm_top_container\">\r\n    <label for=\"field_pmjq73\" id=\"field_pmjq73_label\" class=\"frm_primary_label\">Instrumentos \r\n        <span class=\"frm_required\" aria-hidden=\"true\">*<\/span>\r\n    <\/label>\r\n    <input  type=\"text\" id=\"field_pmjq73\" name=\"item_meta[83]\" value=\"\"  data-reqmsg=\"Este campo no puede estar en blanco.\" aria-required=\"true\" data-invmsg=\"Texto no es v\u00e1lido\" aria-invalid=\"false\"   aria-describedby=\"frm_desc_field_pmjq73\" \/>\r\n    <div class=\"frm_description\" id=\"frm_desc_field_pmjq73\">Escribir uno o varios y separados por comas.<\/div>\r\n    \r\n<\/div>\n<div id=\"frm_field_84_container\" class=\"frm_form_field form-field  frm_required_field frm_top_container\">\r\n    <label for=\"field_os2g43\" id=\"field_os2g43_label\" class=\"frm_primary_label\">A\u00f1os de tocar el o los instrumentos\r\n        <span class=\"frm_required\" aria-hidden=\"true\">*<\/span>\r\n    <\/label>\r\n    <input  type=\"text\" id=\"field_os2g43\" name=\"item_meta[84]\" value=\"\"  data-reqmsg=\"Este campo no puede estar en blanco.\" aria-required=\"true\" data-invmsg=\"Texto no es v\u00e1lido\" aria-invalid=\"false\"   \/>\r\n    \r\n    \r\n<\/div>\n<div id=\"frm_field_85_container\" class=\"frm_form_field form-field  frm_required_field frm_top_container\">\r\n    <label for=\"field_trur73\" id=\"field_trur73_label\" class=\"frm_primary_label\">Grupos y\/o orquestas en las que ha\u00a0formado\u00a0parte\r\n        <span class=\"frm_required\" aria-hidden=\"true\">*<\/span>\r\n    <\/label>\r\n    <input  type=\"text\" id=\"field_trur73\" name=\"item_meta[85]\" value=\"\"  data-reqmsg=\"Este campo no puede estar en blanco.\" aria-required=\"true\" data-invmsg=\"Texto no es v\u00e1lido\" aria-invalid=\"false\"   \/>\r\n    \r\n    \r\n<\/div>\n<div id=\"frm_field_102_container\" class=\"frm_form_field form-field  frm_required_field frm_top_container\">\r\n    <label for=\"field_5r28\" id=\"field_5r28_label\" class=\"frm_primary_label\">Ingresa tu CV art\u00edstico en formato PDF\r\n        <span class=\"frm_required\" aria-hidden=\"true\">*<\/span>\r\n    <\/label>\r\n    <input type=\"hidden\"  data-reqmsg=\"Este campo no puede estar en blanco.\" data-invmsg=\"Subida de archivo no es v\u00e1lido\" class=\"auto_width\" aria-invalid=\"false\"   name=\"item_meta[102]\"  data-reqmsg=\"Este campo no puede estar en blanco.\"  value=\"\" data-frmfile=\"102\" \/>\n\n<div class=\"frm_dropzone frm_single_upload frm_clearfix\" id=\"file102_dropzone\" role=\"group\" >\n\t<div class=\"fallback\">\n\t\t<input type=\"file\" name=\"file102\" id=\"field_5r28\"\n\t\t\t data-reqmsg=\"Este campo no puede estar en blanco.\" data-invmsg=\"Subida de archivo no es v\u00e1lido\" class=\"auto_width\" aria-invalid=\"false\"  \t\t\t\/>\n\t\t\t\t<div class=\"frm_clearfix \"><\/div>\n\t<\/div>\n\t<div class=\"dz-message needsclick\">\n\t\t\t\t<svg  viewBox=\"0 0 18 18\" class=\"frmsvg frm-svg-icon\">\n\t<path viewBox=\"0 0 18 18\" fill-rule=\"evenodd\" clip-rule=\"evenodd\" d=\"M8.2 4v8a.8.8 0 001.5 0V4l2.1 2.2A.7.7 0 1013 5L9.5 1.7a.7.7 0 00-1.1 0L5.1 5.2a.8.8 0 001 1l2.1-2zm7.6 4.3c.4 0 .7.3.7.7v6.8c0 .4-.3.7-.8.7H2.3a.8.8 0 01-.8-.8V9A.8.8 0 013 9v6h12V9c0-.4.3-.8.8-.8z\"><\/path>\n<\/svg>\t\t<span class=\"frm_upload_text\"><button type=\"button\" aria-label=\"Ingresa tu CV art\u00edstico en formato PDF. Arrastra un archivo aqu\u00ed o haz clic para cargar. Maximum file size: 10MB\">Arrastra un archivo aqu\u00ed o haz clic para cargar<\/button><\/span>\n\t\t<span class=\"frm_compact_text\"><button type=\"button\" aria-label=\"Ingresa tu CV art\u00edstico en formato PDF. Seleccionar archivo. Maximum file size: 10MB\">Seleccionar archivo<\/button><\/span>\n\t\t<div class=\"frm_small_text\">\n\t\t\t<p>Maximum file size: 10MB<\/p>\n\t\t<\/div>\n\t<\/div>\n<\/div>\n\t\r\n    \r\n    \r\n<\/div>\n<div id=\"frm_field_86_container\" class=\"frm_form_field form-field  frm_required_field frm_top_container\">\r\n    <label for=\"field_ko5qz42\" id=\"field_ko5qz42_label\" class=\"frm_primary_label\">Adjunta tu fotograf\u00eda de cara\r\n        <span class=\"frm_required\" aria-hidden=\"true\">*<\/span>\r\n    <\/label>\r\n    <input type=\"hidden\"  data-reqmsg=\"Este campo no puede estar en blanco.\" data-invmsg=\"Subida de archivo no es v\u00e1lido\" class=\"auto_width\" aria-invalid=\"false\"   name=\"item_meta[86]\"  data-reqmsg=\"Este campo no puede estar en blanco.\"  value=\"\" data-frmfile=\"86\" \/>\n\n<div class=\"frm_dropzone frm_single_upload frm_clearfix\" id=\"file86_dropzone\" role=\"group\" >\n\t<div class=\"fallback\">\n\t\t<input type=\"file\" name=\"file86\" id=\"field_ko5qz42\"\n\t\t\t data-reqmsg=\"Este campo no puede estar en blanco.\" data-invmsg=\"Subida de archivo no es v\u00e1lido\" class=\"auto_width\" aria-invalid=\"false\"  \t\t\t\/>\n\t\t\t\t<div class=\"frm_clearfix \"><\/div>\n\t<\/div>\n\t<div class=\"dz-message needsclick\">\n\t\t\t\t<svg  viewBox=\"0 0 18 18\" class=\"frmsvg frm-svg-icon\">\n\t<path viewBox=\"0 0 18 18\" fill-rule=\"evenodd\" clip-rule=\"evenodd\" d=\"M8.2 4v8a.8.8 0 001.5 0V4l2.1 2.2A.7.7 0 1013 5L9.5 1.7a.7.7 0 00-1.1 0L5.1 5.2a.8.8 0 001 1l2.1-2zm7.6 4.3c.4 0 .7.3.7.7v6.8c0 .4-.3.7-.8.7H2.3a.8.8 0 01-.8-.8V9A.8.8 0 013 9v6h12V9c0-.4.3-.8.8-.8z\"><\/path>\n<\/svg>\t\t<span class=\"frm_upload_text\"><button type=\"button\" aria-label=\"Adjunta tu fotograf\u00eda de cara. Arrastra un archivo aqu\u00ed o haz clic para cargar. Maximum file size: 10MB\">Arrastra un archivo aqu\u00ed o haz clic para cargar<\/button><\/span>\n\t\t<span class=\"frm_compact_text\"><button type=\"button\" aria-label=\"Adjunta tu fotograf\u00eda de cara. Seleccionar foto. Maximum file size: 10MB\">Seleccionar foto<\/button><\/span>\n\t\t<div class=\"frm_small_text\">\n\t\t\t<p>Maximum file size: 10MB<\/p>\n\t\t<\/div>\n\t<\/div>\n<\/div>\n\t\r\n    \r\n    \r\n<\/div>\n<div id=\"frm_field_87_container\" class=\"frm_form_field form-field  frm_top_container\">\r\n    <label for=\"field_vr6zk42\" id=\"field_vr6zk42_label\" class=\"frm_primary_label\">\r\n        <span class=\"frm_required\" aria-hidden=\"true\"><\/span>\r\n    <\/label>\r\n    <textarea name=\"item_meta[87]\" id=\"field_vr6zk42\" rows=\"5\"  readonly=\"readonly\"  data-frmval=\"Al continuar y enviar este formulario, entiendo y acepto que On Stage podr\u00e1 realizar grabaciones de mis audiciones, tomar fotograf\u00edas y utilizar las mismas para los fines que considere necesarios para sus intereses. Autorizo el uso de mi nombre e imagen en las mismas y sus publicaci\u00f3n por lo que no recibir\u00e9 compensaci\u00f3n alguna.\" data-invmsg=\"P\u00e1rrafo no es v\u00e1lido\" aria-invalid=\"false\"  >Al continuar y enviar este formulario, entiendo y acepto que On Stage podr\u00e1 realizar grabaciones de mis audiciones, tomar fotograf\u00edas y utilizar las mismas para los fines que considere necesarios para sus intereses. Autorizo el uso de mi nombre e imagen en las mismas y sus publicaci\u00f3n por lo que no recibir\u00e9 compensaci\u00f3n alguna.<\/textarea>\r\n    \r\n    \r\n<\/div>\n<div id=\"frm_field_88_container\" class=\"frm_form_field form-field \">\r\n\t<div class=\"frm_submit\">\r\n\r\n<button class=\"frm_button_submit frm_final_submit\" type=\"submit\"   formnovalidate=\"formnovalidate\">Enviar<\/button>\r\n\r\n\r\n<\/div>\r\n<\/div>\n\t<input type=\"hidden\" name=\"item_key\" value=\"\" \/>\n\t\t\t<div id=\"frm_field_103_container\">\n\t\t\t<label for=\"field_dqhur\" >\n\t\t\t\tIf you are human, leave this field blank.\t\t\t<\/label>\n\t\t\t<input  id=\"field_dqhur\" type=\"text\" class=\"frm_form_field form-field frm_verify\" name=\"item_meta[103]\" value=\"\"  \/>\n\t\t<\/div>\n\t\t<input name=\"frm_state\" type=\"hidden\" value=\"iTOVSctOsRVEpoYCzOKSj5b\/6t\/9ThVMlLgnjsmAk0vbEqwi2ECFzZfv3p1lNWIO\" \/><\/div>\n<\/fieldset>\n<\/div>\n\n<\/form>\n<\/div>\n\t\t\t\t<\/div>\n\t\t\t\t<\/div>\n\t\t\t\t\t<\/div>\n\t\t<\/div>\n\t\t\t\t\t<\/div>\n\t\t<\/section>\n\t\t\t\t<\/div>\n\t\t","protected":false},"excerpt":{"rendered":"<p>[vc_row][vc_column][vc_column_text] Audiciones m\u00fasicos We Will Rock You Nombre completo * Edad * Correo electr\u00f3nico * Tel\u00e9fono * Instrumentos * Escribir uno o varios y separados por comas. A\u00f1os de tocar el o los instrumentos * Grupos y\/o orquestas en las que ha\u00a0formado\u00a0parte * Adjunta tu fotograf\u00eda de cara * Arrastra un archivo aqu\u00ed o haz&hellip;<\/p>\n","protected":false},"author":2,"featured_media":0,"parent":0,"menu_order":0,"comment_status":"closed","ping_status":"closed","template":"","meta":{"footnotes":""},"class_list":["post-87757","page","type-page","status-publish","hentry"],"_links":{"self":[{"href":"https:\/\/onstage.com.sv\/index.php\/wp-json\/wp\/v2\/pages\/87757","targetHints":{"allow":["GET"]}}],"collection":[{"href":"https:\/\/onstage.com.sv\/index.php\/wp-json\/wp\/v2\/pages"}],"about":[{"href":"https:\/\/onstage.com.sv\/index.php\/wp-json\/wp\/v2\/types\/page"}],"author":[{"embeddable":true,"href":"https:\/\/onstage.com.sv\/index.php\/wp-json\/wp\/v2\/users\/2"}],"replies":[{"embeddable":true,"href":"https:\/\/onstage.com.sv\/index.php\/wp-json\/wp\/v2\/comments?post=87757"}],"version-history":[{"count":15,"href":"https:\/\/onstage.com.sv\/index.php\/wp-json\/wp\/v2\/pages\/87757\/revisions"}],"predecessor-version":[{"id":88400,"href":"https:\/\/onstage.com.sv\/index.php\/wp-json\/wp\/v2\/pages\/87757\/revisions\/88400"}],"wp:attachment":[{"href":"https:\/\/onstage.com.sv\/index.php\/wp-json\/wp\/v2\/media?parent=87757"}],"curies":[{"name":"wp","href":"https:\/\/api.w.org\/{rel}","templated":true}]}}